{"id":2263,"date":"2020-10-22T16:36:59","date_gmt":"2020-10-22T16:36:59","guid":{"rendered":"https:\/\/apyasa.com\/transformadores\/"},"modified":"2022-06-21T15:27:13","modified_gmt":"2022-06-21T15:27:13","slug":"transformadores","status":"publish","type":"page","link":"https:\/\/apyasa.com\/en\/transformadores\/","title":{"rendered":"Transformers"},"content":{"rendered":"<div id='av_section_1'  class='avia-section main_color avia-section-large avia-no-border-styling  avia-bg-style-scroll  avia-builder-el-0  el_before_av_one_full  avia-builder-el-first   container_wrap sidebar_right' style=' '  ><div class='container' ><main  role=\"main\" itemprop=\"mainContentOfPage\"  class='template-page content  av-content-small alpha units'><div class='post-entry post-entry-type-page post-entry-2263'><div class='entry-content-wrapper clearfix'>\n<div class='flex_column_table av-equal-height-column-flextable -flextable' style='margin-top:0px; margin-bottom:0px; '><div class=\"flex_column av_one_third  no_margin flex_column_table_cell av-equal-height-column av-align-top first  avia-builder-el-1  el_before_av_one_third  avia-builder-el-first  \" style='padding:40px; border-radius:0px; '><p><div  class='avia-image-container  av-styling-    avia-builder-el-2  el_before_av_heading  avia-builder-el-first  avia-align-center '  itemprop=\"image\" itemscope=\"itemscope\" itemtype=\"https:\/\/schema.org\/ImageObject\"  ><div class='avia-image-container-inner'><div class='avia-image-overlay-wrap'><img class='wp-image-2193 avia-img-lazy-loading-not-2193 avia_image' src=\"https:\/\/apyasa.com\/wp-content\/uploads\/2021\/03\/1000x750-tp-300x225.jpg\" alt='' title='1000x750 tp' height=\"225\" width=\"300\"  itemprop=\"thumbnailUrl\" srcset=\"https:\/\/apyasa.com\/wp-content\/uploads\/2021\/03\/1000x750-tp-300x225.jpg 300w, https:\/\/apyasa.com\/wp-content\/uploads\/2021\/03\/1000x750-tp-768x576.jpg 768w, https:\/\/apyasa.com\/wp-content\/uploads\/2021\/03\/1000x750-tp-705x529.jpg 705w, https:\/\/apyasa.com\/wp-content\/uploads\/2021\/03\/1000x750-tp.jpg 1000w\" sizes=\"(max-width: 300px) 100vw, 300px\" \/><\/div><\/div><\/div><br \/>\n<div  style='padding-bottom:0px; ' class='av-special-heading av-special-heading-h3  blockquote modern-quote  avia-builder-el-3  el_after_av_image  el_before_av_heading  av-linked-heading '><h3 class='av-special-heading-tag '  itemprop=\"headline\"  ><a href=\"https:\/\/apyasa.com\/transformadores\/\">Oil Transformers<\/a><\/h3><div class='special-heading-border'><div class='special-heading-inner-border' ><\/div><\/div><\/div><br \/>\n<div  style='padding-bottom:0px; margin-bottom:-20; ' class='av-special-heading av-special-heading-h5  blockquote modern-quote  avia-builder-el-4  el_after_av_heading  el_before_av_heading  av-linked-heading '><h5 class='av-special-heading-tag '  itemprop=\"headline\"  ><a href=\"https:\/\/apyasa.com\/en\/aplicaciones\/transformadores-de-distribucion\/\">POWER TRANSFORMERS<\/a><\/h5><div class='special-heading-border'><div class='special-heading-inner-border' ><\/div><\/div><\/div><br \/>\n<div  style='padding-bottom:0px; ' class='av-special-heading av-special-heading-h5  blockquote modern-quote  avia-builder-el-5  el_after_av_heading  avia-builder-el-last  av-linked-heading '><h5 class='av-special-heading-tag '  itemprop=\"headline\"  ><a href=\"https:\/\/apyasa.com\/en\/aplicaciones\/transformadores-de-distribucion\/\">DISTRIBUTION TRANSFORMERS<\/a><\/h5><div class='special-heading-border'><div class='special-heading-inner-border' ><\/div><\/div><\/div><\/p><\/div><div class=\"flex_column av_one_third  no_margin flex_column_table_cell av-equal-height-column av-align-top   avia-builder-el-6  el_after_av_one_third  el_before_av_one_third  \" style='padding:40px; border-radius:0px; '><p><div  class='avia-image-container  av-styling-    avia-builder-el-7  el_before_av_heading  avia-builder-el-first  avia-align-center '  itemprop=\"image\" itemscope=\"itemscope\" itemtype=\"https:\/\/schema.org\/ImageObject\"  ><div class='avia-image-container-inner'><div class='avia-image-overlay-wrap'><img class='wp-image-2194 avia-img-lazy-loading-not-2194 avia_image' src=\"https:\/\/apyasa.com\/wp-content\/uploads\/2021\/03\/1000x750-ts-300x225.jpg\" alt='' title='1000x750 ts' height=\"225\" width=\"300\"  itemprop=\"thumbnailUrl\" srcset=\"https:\/\/apyasa.com\/wp-content\/uploads\/2021\/03\/1000x750-ts-300x225.jpg 300w, https:\/\/apyasa.com\/wp-content\/uploads\/2021\/03\/1000x750-ts-768x576.jpg 768w, https:\/\/apyasa.com\/wp-content\/uploads\/2021\/03\/1000x750-ts-705x529.jpg 705w, https:\/\/apyasa.com\/wp-content\/uploads\/2021\/03\/1000x750-ts.jpg 1000w\" sizes=\"(max-width: 300px) 100vw, 300px\" \/><\/div><\/div><\/div><br \/>\n<div  style='padding-bottom:10px; ' class='av-special-heading av-special-heading-h3  blockquote modern-quote  avia-builder-el-8  el_after_av_image  avia-builder-el-last  av-linked-heading '><h3 class='av-special-heading-tag '  itemprop=\"headline\"  ><a href=\"https:\/\/apyasa.com\/en\/aplicaciones\/transformadores-de-distribucion\/\">DRY TRANSFORMERS<\/a><\/h3><div class='special-heading-border'><div class='special-heading-inner-border' ><\/div><\/div><\/div><\/p><\/div><div class=\"flex_column av_one_third  no_margin flex_column_table_cell av-equal-height-column av-align-top   avia-builder-el-9  el_after_av_one_third  avia-builder-el-last  \" style='padding:40px; border-radius:0px; '><p><div  class='avia-image-container  av-styling-    avia-builder-el-10  el_before_av_heading  avia-builder-el-first  avia-align-center '  itemprop=\"image\" itemscope=\"itemscope\" itemtype=\"https:\/\/schema.org\/ImageObject\"  ><div class='avia-image-container-inner'><div class='avia-image-overlay-wrap'><img class='wp-image-2196 avia-img-lazy-loading-not-2196 avia_image' src=\"https:\/\/apyasa.com\/wp-content\/uploads\/2021\/03\/Transformador-de-medida-1000x750-1-300x225.jpg\" alt='' title='Transformador de medida 1000x750' height=\"225\" width=\"300\"  itemprop=\"thumbnailUrl\" srcset=\"https:\/\/apyasa.com\/wp-content\/uploads\/2021\/03\/Transformador-de-medida-1000x750-1-300x225.jpg 300w, https:\/\/apyasa.com\/wp-content\/uploads\/2021\/03\/Transformador-de-medida-1000x750-1-768x576.jpg 768w, https:\/\/apyasa.com\/wp-content\/uploads\/2021\/03\/Transformador-de-medida-1000x750-1-705x529.jpg 705w, https:\/\/apyasa.com\/wp-content\/uploads\/2021\/03\/Transformador-de-medida-1000x750-1.jpg 1000w\" sizes=\"(max-width: 300px) 100vw, 300px\" \/><\/div><\/div><\/div><br \/>\n<div  style='padding-bottom:10px; ' class='av-special-heading av-special-heading-h3  blockquote modern-quote  avia-builder-el-11  el_after_av_image  avia-builder-el-last  av-linked-heading '><h3 class='av-special-heading-tag '  itemprop=\"headline\"  ><a href=\"https:\/\/apyasa.com\/en\/aplicaciones\/transformadores-de-distribucion\/\">INSTRUMENT TRANSFORMERS<\/a><\/h3><div class='special-heading-border'><div class='special-heading-inner-border' ><\/div><\/div><\/div><\/p><\/div><\/div><!--close column table wrapper. Autoclose: 1 --><\/div><\/div><\/main><!-- close content main element --><\/div><\/div><div id='after_section_1'  class='main_color av_default_container_wrap container_wrap sidebar_right' style=' '  ><div class='container' ><div class='template-page content  av-content-small alpha units'><div class='post-entry post-entry-type-page post-entry-2263'><div class='entry-content-wrapper clearfix'><div class=\"flex_column av_one_full  flex_column_div av-zero-column-padding first  avia-builder-el-12  el_after_av_section  avia-builder-el-no-sibling  \" style='border-radius:0px; '><section class=\"av_textblock_section \"  itemscope=\"itemscope\" itemtype=\"https:\/\/schema.org\/CreativeWork\" ><div class='avia_textblock  '   itemprop=\"text\" ><h6 style=\"text-align: center;\">#APYASA #G11 #EPGC22 #FR5, #Mica #Moskovite, #Phlogopite #Bakelite #PFCP21<\/h6>\n<h6 style=\"text-align: center;\">#gpo3\u00a0#epgm203\u00a0#Cotton\u00a0#HGW2085\u00a0#PFCC22<\/h6>\n<h6 style=\"text-align: center;\">#HGW2370\u00a0#HGW2372\u00a0#powertransformer\u00a0#distributiontransformer\u00a0#GENERATORS\u00a0#TRANSFORMERS\u00a0#WINDING\u00a0#electrical\u00a0#insulation\u00a0#UPGM203\u00a0#PFCP21\u00a0#PFCP22\u00a0#PFCP201\u00a0#celisol\u00a0#epgc204\u00a0#<\/h6>\n<h6 style=\"text-align: center;\">#transformers\u00a0#distributiontransformers\u00a0#powertransformers\u00a0#manufacturing\u00a0#electricalengineering\u00a0#insulation\u00a0#insulationproducts\u00a0#insulationmaterial\u00a0#electricalinsulation\u00a0#labelling\u00a0#packaging\u00a0#mechanisation\u00a0#electricalappliances\u00a0#thermalappliances<\/h6>\n<\/div><\/section><\/div><\/p>\n","protected":false},"excerpt":{"rendered":"","protected":false},"author":1,"featured_media":0,"parent":0,"menu_order":0,"comment_status":"closed","ping_status":"closed","template":"","meta":[],"yoast_head":"<!-- This site is optimized with the Yoast SEO plugin v16.1.1 - https:\/\/yoast.com\/wordpress\/plugins\/seo\/ -->\n<title>Transformers - Apyasa<\/title>\n<meta name=\"description\" content=\"Apyasa se funda en 1985 como una empresa especializada en la fabricaci\u00f3n, mecanizaci\u00f3n y comercializaci\u00f3n de productos aislantes el\u00e9ctricos y t\u00e9rmicos, enfocada inicialmente al campo de los transformadores el\u00e9ctricos en aceite y secos.\" \/>\n<meta property=\"og:locale\" content=\"en_US\" \/>\n<meta property=\"og:type\" content=\"article\" \/>\n<meta property=\"og:title\" content=\"Transformers - Apyasa\" \/>\n<meta property=\"og:description\" content=\"Apyasa se funda en 1985 como una empresa especializada en la fabricaci\u00f3n, mecanizaci\u00f3n y comercializaci\u00f3n de productos aislantes el\u00e9ctricos y t\u00e9rmicos, enfocada inicialmente al campo de los transformadores el\u00e9ctricos en aceite y secos.\" \/>\n<meta property=\"og:url\" content=\"https:\/\/apyasa.com\/en\/transformadores\/\" \/>\n<meta property=\"og:site_name\" content=\"Apyasa\" \/>\n<meta property=\"article:modified_time\" content=\"2022-06-21T15:27:13+00:00\" \/>\n<meta name=\"twitter:card\" content=\"summary_large_image\" \/>\n<meta name=\"twitter:label1\" content=\"Est. reading time\">\n\t<meta name=\"twitter:data1\" content=\"3 minutes\">\n<script type=\"application\/ld+json\" class=\"yoast-schema-graph\">{\"@context\":\"https:\/\/schema.org\",\"@graph\":[{\"@type\":\"WebSite\",\"@id\":\"https:\/\/apyasa.com\/#website\",\"url\":\"https:\/\/apyasa.com\/\",\"name\":\"Apyasa\",\"description\":\"Productos aislantes el\\u00e9ctricos y t\\u00e9rmicosordPress site\",\"potentialAction\":[{\"@type\":\"SearchAction\",\"target\":\"https:\/\/apyasa.com\/?s={search_term_string}\",\"query-input\":\"required name=search_term_string\"}],\"inLanguage\":\"en-US\"},{\"@type\":\"WebPage\",\"@id\":\"https:\/\/apyasa.com\/en\/transformadores\/#webpage\",\"url\":\"https:\/\/apyasa.com\/en\/transformadores\/\",\"name\":\"Transformers - Apyasa\",\"isPartOf\":{\"@id\":\"https:\/\/apyasa.com\/#website\"},\"datePublished\":\"2020-10-22T16:36:59+00:00\",\"dateModified\":\"2022-06-21T15:27:13+00:00\",\"description\":\"Apyasa se funda en 1985 como una empresa especializada en la fabricaci\\u00f3n, mecanizaci\\u00f3n y comercializaci\\u00f3n de productos aislantes el\\u00e9ctricos y t\\u00e9rmicos, enfocada inicialmente al campo de los transformadores el\\u00e9ctricos en aceite y secos.\",\"breadcrumb\":{\"@id\":\"https:\/\/apyasa.com\/en\/transformadores\/#breadcrumb\"},\"inLanguage\":\"en-US\",\"potentialAction\":[{\"@type\":\"ReadAction\",\"target\":[\"https:\/\/apyasa.com\/en\/transformadores\/\"]}]},{\"@type\":\"BreadcrumbList\",\"@id\":\"https:\/\/apyasa.com\/en\/transformadores\/#breadcrumb\",\"itemListElement\":[{\"@type\":\"ListItem\",\"position\":1,\"item\":{\"@type\":\"WebPage\",\"@id\":\"https:\/\/apyasa.com\/\",\"url\":\"https:\/\/apyasa.com\/\",\"name\":\"Portada\"}},{\"@type\":\"ListItem\",\"position\":2,\"item\":{\"@type\":\"WebPage\",\"@id\":\"https:\/\/apyasa.com\/en\/transformadores\/\",\"url\":\"https:\/\/apyasa.com\/en\/transformadores\/\",\"name\":\"Transformers\"}}]}]}<\/script>\n<!-- \/ Yoast SEO plugin. -->","_links":{"self":[{"href":"https:\/\/apyasa.com\/en\/wp-json\/wp\/v2\/pages\/2263"}],"collection":[{"href":"https:\/\/apyasa.com\/en\/wp-json\/wp\/v2\/pages"}],"about":[{"href":"https:\/\/apyasa.com\/en\/wp-json\/wp\/v2\/types\/page"}],"author":[{"embeddable":true,"href":"https:\/\/apyasa.com\/en\/wp-json\/wp\/v2\/users\/1"}],"replies":[{"embeddable":true,"href":"https:\/\/apyasa.com\/en\/wp-json\/wp\/v2\/comments?post=2263"}],"version-history":[{"count":0,"href":"https:\/\/apyasa.com\/en\/wp-json\/wp\/v2\/pages\/2263\/revisions"}],"wp:attachment":[{"href":"https:\/\/apyasa.com\/en\/wp-json\/wp\/v2\/media?parent=2263"}],"curies":[{"name":"wp","href":"https:\/\/api.w.org\/{rel}","templated":true}]}}