{"id":2261,"date":"2016-07-15T14:19:28","date_gmt":"2016-07-15T14:19:28","guid":{"rendered":"https:\/\/apyasa.com\/quienes-somos-apyasa-aislantes-electricos\/"},"modified":"2022-07-21T11:05:28","modified_gmt":"2022-07-21T11:05:28","slug":"about-us","status":"publish","type":"page","link":"https:\/\/apyasa.com\/en\/about-us\/","title":{"rendered":"About us"},"content":{"rendered":"<div id='av_section_1'  class='avia-section main_color avia-section-default avia-no-border-styling  avia-bg-style-scroll  avia-builder-el-0  el_before_av_layout_row  avia-builder-el-first   container_wrap sidebar_right' style=' '  ><div class='container' ><main  role=\"main\" itemprop=\"mainContentOfPage\"  class='template-page content  av-content-small alpha units'><div class='post-entry post-entry-type-page post-entry-2261'><div class='entry-content-wrapper clearfix'>\n<div  style='padding-bottom:20px; font-size:50px;' class='av-special-heading av-special-heading-h2  blockquote modern-quote  avia-builder-el-1  el_before_av_one_half  avia-builder-el-first  av-inherit-size '><h2 class='av-special-heading-tag '  itemprop=\"headline\"  >APYASA &#8211; Electrical Insulations<\/h2><div class='special-heading-border'><div class='special-heading-inner-border' ><\/div><\/div><\/div>\n<div class=\"flex_column av_one_half  av-animated-generic bottom-to-top  flex_column_div av-zero-column-padding first  avia-builder-el-2  el_after_av_heading  el_before_av_one_half  \" style='border-radius:0px; '><section class=\"av_textblock_section \"  itemscope=\"itemscope\" itemtype=\"https:\/\/schema.org\/CreativeWork\" ><div class='avia_textblock  '   itemprop=\"text\" ><p><span class=\"\">Apyasa was founded in\u00a0<\/span><strong><span class=\"\">1985<\/span><\/strong><span class=\"\">\u00a0as a company specializing in the\u00a0<\/span><strong><span class=\"\">manufacture and transformation of electrical and thermal insulating products<\/span><\/strong><span class=\"\">, initially focused on the field of oil and dry electrical transformers.<\/span><\/p>\n<p>The specialization and knowledge acquired over the years, as well as the continuous improvement of our processes, machinery and team, have allowed us to provide services to other sectors such as generators, motors, railways, cryogenics, the electrical sector, electronics, welding, steel, furnaces, presses&#8230;<\/p>\n<\/div><\/section><\/div><div class=\"flex_column av_one_half  av-animated-generic bottom-to-top  flex_column_div av-zero-column-padding   avia-builder-el-4  el_after_av_one_half  avia-builder-el-last  \" style='border-radius:0px; '><section class=\"av_textblock_section \"  itemscope=\"itemscope\" itemtype=\"https:\/\/schema.org\/CreativeWork\" ><div class='avia_textblock  '   itemprop=\"text\" ><p><span class=\"\">Apyasa has\u00a0<\/span><strong><span class=\"\">facilities of 3000 m\u00b2<\/span><\/strong><span class=\"\">, equipped with the necessary machinery for the manufacture of insulating tubes in\u00a0<\/span><strong><span class=\"\">epoxy<\/span><\/strong><span class=\"\"> glass,\u00a0<\/span><strong><span class=\"\">bakelite<\/span><\/strong><span class=\"\">,\u00a0<\/span><strong><span class=\"\">mica<\/span><\/strong><span class=\"\">,\u00a0<\/span><strong><span class=\"\">PRESSPAN\u00a0 and cotton<\/span><\/strong><span class=\"\">, thermal treatment ovens, machining centers and another series of specific machines to give the adequate solutions to customers in their\u00a0<\/span><strong><span class=\"\">electrical and thermal insulation<\/span><\/strong><span class=\"\"> needs.<\/span><\/p>\n<\/div><\/section><\/div>\n\n<\/div><\/div><\/main><!-- close content main element --><\/div><\/div><div id='av-layout-grid-1'  class='av-layout-grid-container entry-content-wrapper main_color av-flex-cells     avia-builder-el-6  el_after_av_section  avia-builder-el-last  submenu-not-first container_wrap sidebar_right' style=' '  >\n<div class=\"flex_cell no_margin av_one_fourth  avia-builder-el-7  el_before_av_cell_one_fourth  avia-builder-el-first   \"  style='background: #5b6e77; vertical-align:top; padding:30px; background-color:#5b6e77; ' ><div class='flex_cell_inner' ><div class=\"flex_column av_one_full  av-animated-generic bottom-to-top  flex_column_div av-zero-column-padding first  avia-builder-el-8  avia-builder-el-no-sibling  \" style='border-radius:0px; '><p><div  style='padding-bottom:20px; color:#ffffff;font-size:20px;' class='av-special-heading av-special-heading-h2 custom-color-heading blockquote modern-quote modern-centered  avia-builder-el-9  el_before_av_textblock  avia-builder-el-first  av-inherit-size '><h2 class='av-special-heading-tag '  itemprop=\"headline\"  >EXPERIENCE<\/h2><div class='special-heading-border'><div class='special-heading-inner-border' style='border-color:#ffffff'><\/div><\/div><\/div><br \/>\n<section class=\"av_textblock_section \"  itemscope=\"itemscope\" itemtype=\"https:\/\/schema.org\/CreativeWork\" ><div class='avia_textblock  av_inherit_color '  style='color:#ffffff; '  itemprop=\"text\" ><div class=\"av-special-heading av-special-heading-h2 custom-color-heading blockquote modern-quote modern-centered avia-builder-el-9 el_before_av_textblock avia-builder-el-first av-inherit-size \">\n<p class=\"av-special-heading-tag \"><span class=\"fontstyle0\">APYASA, more than\u00a030 years of experience\u00a0in the manufacture and transformation of insulating material for electrical applications<\/span><\/p>\n<\/div>\n<\/div><\/section><\/p><\/div>\n<\/div><\/div><div class=\"flex_cell no_margin av_one_fourth  avia-builder-el-11  el_after_av_cell_one_fourth  el_before_av_cell_one_fourth   \"  style='background: #556470; vertical-align:top; padding:30px; background-color:#556470; ' ><div class='flex_cell_inner' ><div class=\"flex_column av_one_full  av-animated-generic bottom-to-top  flex_column_div av-zero-column-padding first  avia-builder-el-12  avia-builder-el-no-sibling  \" style='border-radius:0px; '><p><div  style='padding-bottom:20px; color:#ffffff;font-size:20px;' class='av-special-heading av-special-heading-h2 custom-color-heading blockquote modern-quote modern-centered  avia-builder-el-13  el_before_av_textblock  avia-builder-el-first  av-inherit-size '><h2 class='av-special-heading-tag '  itemprop=\"headline\"  >HIGH CAPACITY<\/h2><div class='special-heading-border'><div class='special-heading-inner-border' style='border-color:#ffffff'><\/div><\/div><\/div><br \/>\n<section class=\"av_textblock_section \"  itemscope=\"itemscope\" itemtype=\"https:\/\/schema.org\/CreativeWork\" ><div class='avia_textblock  av_inherit_color '  style='color:#ffffff; '  itemprop=\"text\" ><p><span class=\"\">Facilities of more than\u00a0<\/span><strong><span class=\"\">3,000 m2<\/span><\/strong><span class=\"\"> are equipped with machinery with high production capacity: line cutting, lathes, milling machines, CNC and sectioning machines.<\/span><\/p>\n<\/div><\/section><\/p><\/div>\n<\/div><\/div><div class=\"flex_cell no_margin av_one_fourth  avia-builder-el-15  el_after_av_cell_one_fourth  el_before_av_cell_one_fourth   \"  style='background: #505d69; vertical-align:top; padding:30px; background-color:#505d69; ' ><div class='flex_cell_inner' ><div class=\"flex_column av_one_full  av-animated-generic bottom-to-top  flex_column_div av-zero-column-padding first  avia-builder-el-16  avia-builder-el-no-sibling  \" style='border-radius:0px; '><p><div  style='padding-bottom:20px; color:#ffffff;font-size:20px;' class='av-special-heading av-special-heading-h2 custom-color-heading blockquote modern-quote modern-centered  avia-builder-el-17  el_before_av_textblock  avia-builder-el-first  av-inherit-size '><h2 class='av-special-heading-tag '  itemprop=\"headline\"  >INTEGRAL MANAGEMENT <\/h2><div class='special-heading-border'><div class='special-heading-inner-border' style='border-color:#ffffff'><\/div><\/div><\/div><br \/>\n<section class=\"av_textblock_section \"  itemscope=\"itemscope\" itemtype=\"https:\/\/schema.org\/CreativeWork\" ><div class='avia_textblock  av_inherit_color '  style='color:#ffffff; '  itemprop=\"text\" ><div class=\"av-special-heading av-special-heading-h2 custom-color-heading blockquote modern-quote modern-centered avia-builder-el-17 el_before_av_textblock avia-builder-el-first av-inherit-size \">\n<h2 class=\"av-special-heading-tag \"><\/h2>\n<\/div>\n<section class=\"av_textblock_section \">\n<div class=\"avia_textblock av_inherit_color \">\n<ul>\n<li>Advice<\/li>\n<li>Manufacturing<\/li>\n<li>Mechanization<\/li>\n<li><span class=\"\">Logistics<\/span><\/li>\n<\/ul>\n<\/div>\n<\/section>\n<\/div><\/section><\/p><\/div>\n<\/div><\/div><div class=\"flex_cell no_margin av_one_fourth  avia-builder-el-19  el_after_av_cell_one_fourth  avia-builder-el-last   \"  style='background: #2a3036; vertical-align:top; padding:30px; background-color:#2a3036; ' ><div class='flex_cell_inner' ><div class=\"flex_column av_one_full  av-animated-generic bottom-to-top  flex_column_div av-zero-column-padding first  avia-builder-el-20  avia-builder-el-no-sibling  \" style='border-radius:0px; '><p><div  style='padding-bottom:20px; color:#ffffff;font-size:20px;' class='av-special-heading av-special-heading-h2 custom-color-heading blockquote modern-quote modern-centered  avia-builder-el-21  el_before_av_textblock  avia-builder-el-first  av-inherit-size '><h2 class='av-special-heading-tag '  itemprop=\"headline\"  >QUALITY AND INNOVATION <\/h2><div class='special-heading-border'><div class='special-heading-inner-border' style='border-color:#ffffff'><\/div><\/div><\/div><br \/>\n<section class=\"av_textblock_section \"  itemscope=\"itemscope\" itemtype=\"https:\/\/schema.org\/CreativeWork\" ><div class='avia_textblock  av_inherit_color '  style='color:#ffffff; '  itemprop=\"text\" ><div class=\"av-special-heading av-special-heading-h2 custom-color-heading blockquote modern-quote modern-centered avia-builder-el-21 el_before_av_textblock avia-builder-el-first av-inherit-size \">\n<p class=\"av-special-heading-tag \"><span style=\"font-size: 16px;\">Commitment to quality and innovation, the guarantee of service and continuous improvement.<\/span><\/p>\n<\/div>\n<\/div><\/section><br \/>\n<div  class='avia-image-container  av-styling-    avia-builder-el-23  el_after_av_textblock  avia-builder-el-last  avia-align-center '  itemprop=\"image\" itemscope=\"itemscope\" itemtype=\"https:\/\/schema.org\/ImageObject\"  ><div class='avia-image-container-inner'><div class='avia-image-overlay-wrap'><img class='wp-image-0 avia-img-lazy-loading-not-0 avia_image' src=\"https:\/\/apyasa.com\/wp-content\/uploads\/2022\/07\/descarga.png\" alt='' title=''   itemprop=\"thumbnailUrl\"  \/><\/div><\/div><\/div><\/p><\/div>\n<\/div><\/div><\/div>\n","protected":false},"excerpt":{"rendered":"","protected":false},"author":1,"featured_media":0,"parent":0,"menu_order":0,"comment_status":"closed","ping_status":"closed","template":"","meta":[],"yoast_head":"<!-- This site is optimized with the Yoast SEO plugin v16.1.1 - https:\/\/yoast.com\/wordpress\/plugins\/seo\/ -->\n<title>About us - Apyasa<\/title>\n<meta name=\"description\" content=\"APYASA - Aislantes el\u00e9ctricos se funda en 1985 como una empresa especializada en la fabricaci\u00f3n, mecanizaci\u00f3n y comercializaci\u00f3n de productos aislantes el\u00e9ctricos y t\u00e9rmicos, enfocada inicialmente al campo de los transformadores el\u00e9ctricos en aceite y secos.\" \/>\n<meta property=\"og:locale\" content=\"en_US\" \/>\n<meta property=\"og:type\" content=\"article\" \/>\n<meta property=\"og:title\" content=\"About us - Apyasa\" \/>\n<meta property=\"og:description\" content=\"APYASA - Aislantes el\u00e9ctricos se funda en 1985 como una empresa especializada en la fabricaci\u00f3n, mecanizaci\u00f3n y comercializaci\u00f3n de productos aislantes el\u00e9ctricos y t\u00e9rmicos, enfocada inicialmente al campo de los transformadores el\u00e9ctricos en aceite y secos.\" \/>\n<meta property=\"og:url\" content=\"https:\/\/apyasa.com\/en\/about-us\/\" \/>\n<meta property=\"og:site_name\" content=\"Apyasa\" \/>\n<meta property=\"article:modified_time\" content=\"2022-07-21T11:05:28+00:00\" \/>\n<meta name=\"twitter:card\" content=\"summary_large_image\" \/>\n<meta name=\"twitter:label1\" content=\"Est. reading time\">\n\t<meta name=\"twitter:data1\" content=\"4 minutes\">\n<script type=\"application\/ld+json\" class=\"yoast-schema-graph\">{\"@context\":\"https:\/\/schema.org\",\"@graph\":[{\"@type\":\"WebSite\",\"@id\":\"https:\/\/apyasa.com\/#website\",\"url\":\"https:\/\/apyasa.com\/\",\"name\":\"Apyasa\",\"description\":\"Productos aislantes el\\u00e9ctricos y t\\u00e9rmicosordPress site\",\"potentialAction\":[{\"@type\":\"SearchAction\",\"target\":\"https:\/\/apyasa.com\/?s={search_term_string}\",\"query-input\":\"required name=search_term_string\"}],\"inLanguage\":\"en-US\"},{\"@type\":\"WebPage\",\"@id\":\"https:\/\/apyasa.com\/en\/about-us\/#webpage\",\"url\":\"https:\/\/apyasa.com\/en\/about-us\/\",\"name\":\"About us - Apyasa\",\"isPartOf\":{\"@id\":\"https:\/\/apyasa.com\/#website\"},\"datePublished\":\"2016-07-15T14:19:28+00:00\",\"dateModified\":\"2022-07-21T11:05:28+00:00\",\"description\":\"APYASA - Aislantes el\\u00e9ctricos se funda en 1985 como una empresa especializada en la fabricaci\\u00f3n, mecanizaci\\u00f3n y comercializaci\\u00f3n de productos aislantes el\\u00e9ctricos y t\\u00e9rmicos, enfocada inicialmente al campo de los transformadores el\\u00e9ctricos en aceite y secos.\",\"breadcrumb\":{\"@id\":\"https:\/\/apyasa.com\/en\/about-us\/#breadcrumb\"},\"inLanguage\":\"en-US\",\"potentialAction\":[{\"@type\":\"ReadAction\",\"target\":[\"https:\/\/apyasa.com\/en\/about-us\/\"]}]},{\"@type\":\"BreadcrumbList\",\"@id\":\"https:\/\/apyasa.com\/en\/about-us\/#breadcrumb\",\"itemListElement\":[{\"@type\":\"ListItem\",\"position\":1,\"item\":{\"@type\":\"WebPage\",\"@id\":\"https:\/\/apyasa.com\/\",\"url\":\"https:\/\/apyasa.com\/\",\"name\":\"Portada\"}},{\"@type\":\"ListItem\",\"position\":2,\"item\":{\"@type\":\"WebPage\",\"@id\":\"https:\/\/apyasa.com\/en\/about-us\/\",\"url\":\"https:\/\/apyasa.com\/en\/about-us\/\",\"name\":\"About us\"}}]}]}<\/script>\n<!-- \/ Yoast SEO plugin. -->","_links":{"self":[{"href":"https:\/\/apyasa.com\/en\/wp-json\/wp\/v2\/pages\/2261"}],"collection":[{"href":"https:\/\/apyasa.com\/en\/wp-json\/wp\/v2\/pages"}],"about":[{"href":"https:\/\/apyasa.com\/en\/wp-json\/wp\/v2\/types\/page"}],"author":[{"embeddable":true,"href":"https:\/\/apyasa.com\/en\/wp-json\/wp\/v2\/users\/1"}],"replies":[{"embeddable":true,"href":"https:\/\/apyasa.com\/en\/wp-json\/wp\/v2\/comments?post=2261"}],"version-history":[{"count":0,"href":"https:\/\/apyasa.com\/en\/wp-json\/wp\/v2\/pages\/2261\/revisions"}],"wp:attachment":[{"href":"https:\/\/apyasa.com\/en\/wp-json\/wp\/v2\/media?parent=2261"}],"curies":[{"name":"wp","href":"https:\/\/api.w.org\/{rel}","templated":true}]}}