{"id":2254,"date":"2021-01-29T09:37:34","date_gmt":"2021-01-29T09:37:34","guid":{"rendered":"https:\/\/apyasa.com\/aplicaciones\/"},"modified":"2022-06-21T15:32:05","modified_gmt":"2022-06-21T15:32:05","slug":"aplications","status":"publish","type":"page","link":"https:\/\/apyasa.com\/en\/aplications\/","title":{"rendered":"Aplications"},"content":{"rendered":"<div id='av_section_1'  class='avia-section main_color avia-section-large avia-no-border-styling  avia-bg-style-scroll  avia-builder-el-0  el_before_av_textblock  avia-builder-el-first   container_wrap sidebar_right' style=' '  ><div class='container' ><main  role=\"main\" itemprop=\"mainContentOfPage\"  class='template-page content  av-content-small alpha units'><div class='post-entry post-entry-type-page post-entry-2254'><div class='entry-content-wrapper clearfix'>\n<section class=\"av_textblock_section \"  itemscope=\"itemscope\" itemtype=\"https:\/\/schema.org\/CreativeWork\" ><div class='avia_textblock  '   itemprop=\"text\" ><h1>Electrical and Thermal Insulation<\/h1>\n<\/div><\/section>\n<div class='flex_column_table av-equal-height-column-flextable -flextable' style='margin-top:0px; margin-bottom:0px; '><div class=\"flex_column av_one_third  no_margin flex_column_table_cell av-equal-height-column av-align-top first  avia-builder-el-2  el_after_av_textblock  el_before_av_one_third  column-top-margin\" style='padding:40px; border-radius:0px; '><p><div  class='avia-image-container  av-styling- av-hover-grow   avia-builder-el-3  el_before_av_heading  avia-builder-el-first  avia-align-center '  itemprop=\"image\" itemscope=\"itemscope\" itemtype=\"https:\/\/schema.org\/ImageObject\"  ><div class='avia-image-container-inner'><div class='avia-image-overlay-wrap'><a href='https:\/\/apyasa.com\/transformadores\/' class='avia_image'  ><img width=\"300\" height=\"212\" class='wp-image-2186 avia-img-lazy-loading-not-2186 avia_image' src=\"https:\/\/apyasa.com\/wp-content\/uploads\/2021\/03\/3-705x497-1-300x212.jpg\" alt='' title='3-705x497'  itemprop=\"thumbnailUrl\" srcset=\"https:\/\/apyasa.com\/wp-content\/uploads\/2021\/03\/3-705x497-1-300x212.jpg 300w, https:\/\/apyasa.com\/wp-content\/uploads\/2021\/03\/3-705x497-1-260x185.jpg 260w, https:\/\/apyasa.com\/wp-content\/uploads\/2021\/03\/3-705x497-1.jpg 512w\" sizes=\"(max-width: 300px) 100vw, 300px\" \/><\/a><\/div><\/div><\/div><br \/>\n<div  style='padding-bottom:0px; ' class='av-special-heading av-special-heading-h3  blockquote modern-quote  avia-builder-el-4  el_after_av_image  el_before_av_heading  '><h3 class='av-special-heading-tag '  itemprop=\"headline\"  >TRANSFORMERS<\/h3><div class='special-heading-border'><div class='special-heading-inner-border' ><\/div><\/div><\/div><br \/>\n<div  style='padding-bottom:0px; margin-bottom:-20; ' class='av-special-heading av-special-heading-h5  blockquote modern-quote  avia-builder-el-5  el_after_av_heading  el_before_av_heading  av-linked-heading '><h5 class='av-special-heading-tag '  itemprop=\"headline\"  ><a href=\"https:\/\/apyasa.com\/en\/aplicaciones\/maquinas-rotativas\/\">Power Transformers<\/a><\/h5><div class='special-heading-border'><div class='special-heading-inner-border' ><\/div><\/div><\/div><br \/>\n<div  style='padding-bottom:0px; ' class='av-special-heading av-special-heading-h5  blockquote modern-quote  avia-builder-el-6  el_after_av_heading  el_before_av_heading  av-linked-heading '><h5 class='av-special-heading-tag '  itemprop=\"headline\"  ><a href=\"https:\/\/apyasa.com\/en\/aplicaciones\/maquinas-rotativas\/\">Distribution Transformers<\/a><\/h5><div class='special-heading-border'><div class='special-heading-inner-border' ><\/div><\/div><\/div><br \/>\n<div  style='padding-bottom:0px; ' class='av-special-heading av-special-heading-h5  blockquote modern-quote  avia-builder-el-7  el_after_av_heading  avia-builder-el-last  av-linked-heading '><h5 class='av-special-heading-tag '  itemprop=\"headline\"  ><a href=\"https:\/\/apyasa.com\/en\/aplicaciones\/maquinas-rotativas\/\">Instrument Transformers<\/a><\/h5><div class='special-heading-border'><div class='special-heading-inner-border' ><\/div><\/div><\/div><\/p><\/div><div class=\"flex_column av_one_third  no_margin flex_column_table_cell av-equal-height-column av-align-top   avia-builder-el-8  el_after_av_one_third  el_before_av_one_third  column-top-margin\" style='padding:40px; border-radius:0px; '><p><div  class='avia-image-container  av-styling- av-hover-grow   avia-builder-el-9  el_before_av_heading  avia-builder-el-first  avia-align-center '  itemprop=\"image\" itemscope=\"itemscope\" itemtype=\"https:\/\/schema.org\/ImageObject\"  ><div class='avia-image-container-inner'><div class='avia-image-overlay-wrap'><a href='https:\/\/apyasa.com\/aplicaciones\/maquinas-rotativas\/' class='avia_image'  ><img class='wp-image-0 avia-img-lazy-loading-not-0 avia_image' src=\"https:\/\/apyasa.com\/wp-content\/uploads\/2022\/06\/MAQUINAS-ROTATIVAS-pricipal-R3-300x207.jpg\" alt='' title=''  itemprop=\"thumbnailUrl\"  \/><\/a><\/div><\/div><\/div><br \/>\n<div  style='padding-bottom:10px; ' class='av-special-heading av-special-heading-h3  blockquote modern-quote  avia-builder-el-10  el_after_av_image  avia-builder-el-last  av-linked-heading '><h3 class='av-special-heading-tag '  itemprop=\"headline\"  ><a href=\"https:\/\/apyasa.com\/en\/aplicaciones\/maquinas-rotativas\/\"> ROTATING MACHINES<\/a><\/h3><div class='special-heading-border'><div class='special-heading-inner-border' ><\/div><\/div><\/div><\/p><\/div><div class=\"flex_column av_one_third  no_margin flex_column_table_cell av-equal-height-column av-align-top   avia-builder-el-11  el_after_av_one_third  avia-builder-el-last  column-top-margin\" style='padding:40px; border-radius:0px; '><p><div  class='avia-image-container  av-styling- av-hover-grow   avia-builder-el-12  el_before_av_heading  avia-builder-el-first  avia-align-center '  itemprop=\"image\" itemscope=\"itemscope\" itemtype=\"https:\/\/schema.org\/ImageObject\"  ><div class='avia-image-container-inner'><div class='avia-image-overlay-wrap'><a href='https:\/\/apyasa.com\/aplicaciones\/otros-sectores\/' class='avia_image'  ><img width=\"300\" height=\"211\" class='wp-image-2181 avia-img-lazy-loading-not-2181 avia_image' src=\"https:\/\/apyasa.com\/wp-content\/uploads\/2021\/03\/3-300x211.jpg\" alt='' title='3'  itemprop=\"thumbnailUrl\" srcset=\"https:\/\/apyasa.com\/wp-content\/uploads\/2021\/03\/3-300x211.jpg 300w, https:\/\/apyasa.com\/wp-content\/uploads\/2021\/03\/3-1024x722.jpg 1024w, https:\/\/apyasa.com\/wp-content\/uploads\/2021\/03\/3-768x541.jpg 768w, https:\/\/apyasa.com\/wp-content\/uploads\/2021\/03\/3-705x497.jpg 705w, https:\/\/apyasa.com\/wp-content\/uploads\/2021\/03\/3.jpg 1500w\" sizes=\"(max-width: 300px) 100vw, 300px\" \/><\/a><\/div><\/div><\/div><br \/>\n<div  style='padding-bottom:10px; ' class='av-special-heading av-special-heading-h3  blockquote modern-quote  avia-builder-el-13  el_after_av_image  avia-builder-el-last  av-linked-heading '><h3 class='av-special-heading-tag '  itemprop=\"headline\"  ><a href=\"https:\/\/apyasa.com\/en\/aplicaciones\/maquinas-rotativas\/\">OTHER SECTORS<\/a><\/h3><div class='special-heading-border'><div class='special-heading-inner-border' ><\/div><\/div><\/div><\/p><\/div><\/div><!--close column table wrapper. Autoclose: 1 --><\/div><\/div><\/main><!-- close content main element --><\/div><\/div><div id='after_section_1'  class='main_color av_default_container_wrap container_wrap sidebar_right' style=' '  ><div class='container' ><div class='template-page content  av-content-small alpha units'><div class='post-entry post-entry-type-page post-entry-2254'><div class='entry-content-wrapper clearfix'><section class=\"av_textblock_section \"  itemscope=\"itemscope\" itemtype=\"https:\/\/schema.org\/CreativeWork\" ><div class='avia_textblock  '   itemprop=\"text\" ><h6 style=\"text-align: center;\">#APYASA #G11 #EPGC22 #FR5, #Mica #Moskovite, #Phlogopite #Bakelite #PFCP21<\/h6>\n<h6 style=\"text-align: center;\">#gpo3\u00a0#epgm203\u00a0#Cotton\u00a0#HGW2085\u00a0#PFCC22<\/h6>\n<h6 style=\"text-align: center;\">#HGW2370\u00a0#HGW2372\u00a0#powertransformer\u00a0#distributiontransformer\u00a0#GENERATORS\u00a0#TRANSFORMERS\u00a0#WINDING\u00a0#electrical\u00a0#insulation\u00a0#UPGM203\u00a0#PFCP21\u00a0#PFCP22\u00a0#PFCP201\u00a0#celisol\u00a0#epgc204\u00a0#<\/h6>\n<h6 style=\"text-align: center;\">#transformers\u00a0#distributiontransformers\u00a0#powertransformers\u00a0#manufacturing\u00a0#electricalengineering\u00a0#insulation\u00a0#insulationproducts\u00a0#insulationmaterial\u00a0#electricalinsulation\u00a0#labelling\u00a0#packaging\u00a0#mechanisation\u00a0#electricalappliances\u00a0#thermalappliances<\/h6>\n<\/div><\/section><\/p>\n","protected":false},"excerpt":{"rendered":"","protected":false},"author":1,"featured_media":0,"parent":0,"menu_order":0,"comment_status":"closed","ping_status":"closed","template":"","meta":[],"yoast_head":"<!-- This site is optimized with the Yoast SEO plugin v16.1.1 - https:\/\/yoast.com\/wordpress\/plugins\/seo\/ -->\n<title>Aplications - Apyasa<\/title>\n<meta name=\"description\" content=\"Apyasa se funda en 1985 como una empresa especializada en la fabricaci\u00f3n, mecanizaci\u00f3n y comercializaci\u00f3n de productos aislantes el\u00e9ctricos y t\u00e9rmicos, enfocada inicialmente al campo de los transformadores el\u00e9ctricos en aceite y secos.\" \/>\n<meta property=\"og:locale\" content=\"en_US\" \/>\n<meta property=\"og:type\" content=\"article\" \/>\n<meta property=\"og:title\" content=\"Aplications - Apyasa\" \/>\n<meta property=\"og:description\" content=\"Apyasa se funda en 1985 como una empresa especializada en la fabricaci\u00f3n, mecanizaci\u00f3n y comercializaci\u00f3n de productos aislantes el\u00e9ctricos y t\u00e9rmicos, enfocada inicialmente al campo de los transformadores el\u00e9ctricos en aceite y secos.\" \/>\n<meta property=\"og:url\" content=\"https:\/\/apyasa.com\/en\/aplications\/\" \/>\n<meta property=\"og:site_name\" content=\"Apyasa\" \/>\n<meta property=\"article:modified_time\" content=\"2022-06-21T15:32:05+00:00\" \/>\n<meta name=\"twitter:card\" content=\"summary_large_image\" \/>\n<meta name=\"twitter:label1\" content=\"Est. reading time\">\n\t<meta name=\"twitter:data1\" content=\"3 minutes\">\n<script type=\"application\/ld+json\" class=\"yoast-schema-graph\">{\"@context\":\"https:\/\/schema.org\",\"@graph\":[{\"@type\":\"WebSite\",\"@id\":\"https:\/\/apyasa.com\/#website\",\"url\":\"https:\/\/apyasa.com\/\",\"name\":\"Apyasa\",\"description\":\"Productos aislantes el\\u00e9ctricos y t\\u00e9rmicosordPress site\",\"potentialAction\":[{\"@type\":\"SearchAction\",\"target\":\"https:\/\/apyasa.com\/?s={search_term_string}\",\"query-input\":\"required name=search_term_string\"}],\"inLanguage\":\"en-US\"},{\"@type\":\"WebPage\",\"@id\":\"https:\/\/apyasa.com\/en\/aplications\/#webpage\",\"url\":\"https:\/\/apyasa.com\/en\/aplications\/\",\"name\":\"Aplications - Apyasa\",\"isPartOf\":{\"@id\":\"https:\/\/apyasa.com\/#website\"},\"datePublished\":\"2021-01-29T09:37:34+00:00\",\"dateModified\":\"2022-06-21T15:32:05+00:00\",\"description\":\"Apyasa se funda en 1985 como una empresa especializada en la fabricaci\\u00f3n, mecanizaci\\u00f3n y comercializaci\\u00f3n de productos aislantes el\\u00e9ctricos y t\\u00e9rmicos, enfocada inicialmente al campo de los transformadores el\\u00e9ctricos en aceite y secos.\",\"breadcrumb\":{\"@id\":\"https:\/\/apyasa.com\/en\/aplications\/#breadcrumb\"},\"inLanguage\":\"en-US\",\"potentialAction\":[{\"@type\":\"ReadAction\",\"target\":[\"https:\/\/apyasa.com\/en\/aplications\/\"]}]},{\"@type\":\"BreadcrumbList\",\"@id\":\"https:\/\/apyasa.com\/en\/aplications\/#breadcrumb\",\"itemListElement\":[{\"@type\":\"ListItem\",\"position\":1,\"item\":{\"@type\":\"WebPage\",\"@id\":\"https:\/\/apyasa.com\/\",\"url\":\"https:\/\/apyasa.com\/\",\"name\":\"Portada\"}},{\"@type\":\"ListItem\",\"position\":2,\"item\":{\"@type\":\"WebPage\",\"@id\":\"https:\/\/apyasa.com\/en\/aplications\/\",\"url\":\"https:\/\/apyasa.com\/en\/aplications\/\",\"name\":\"Aplications\"}}]}]}<\/script>\n<!-- \/ Yoast SEO plugin. -->","_links":{"self":[{"href":"https:\/\/apyasa.com\/en\/wp-json\/wp\/v2\/pages\/2254"}],"collection":[{"href":"https:\/\/apyasa.com\/en\/wp-json\/wp\/v2\/pages"}],"about":[{"href":"https:\/\/apyasa.com\/en\/wp-json\/wp\/v2\/types\/page"}],"author":[{"embeddable":true,"href":"https:\/\/apyasa.com\/en\/wp-json\/wp\/v2\/users\/1"}],"replies":[{"embeddable":true,"href":"https:\/\/apyasa.com\/en\/wp-json\/wp\/v2\/comments?post=2254"}],"version-history":[{"count":0,"href":"https:\/\/apyasa.com\/en\/wp-json\/wp\/v2\/pages\/2254\/revisions"}],"wp:attachment":[{"href":"https:\/\/apyasa.com\/en\/wp-json\/wp\/v2\/media?parent=2254"}],"curies":[{"name":"wp","href":"https:\/\/api.w.org\/{rel}","templated":true}]}}